{"id":1204,"date":"2024-03-19T09:59:49","date_gmt":"2024-03-19T12:59:49","guid":{"rendered":"https:\/\/greenparksorocaba.com.br\/home\/?page_id=1204"},"modified":"2024-11-26T22:13:52","modified_gmt":"2024-11-27T01:13:52","slug":"sustentabilidade","status":"publish","type":"page","link":"https:\/\/greenparksorocaba.com.br\/home\/home\/sustentabilidade","title":{"rendered":"Sustentabilidade"},"content":{"rendered":"\t\t<div data-elementor-type=\"wp-page\" data-elementor-id=\"1204\" class=\"elementor elementor-1204\" data-elementor-settings=\"{&quot;ha_cmc_init_switcher&quot;:&quot;no&quot;}\" data-elementor-post-type=\"page\">\n\t\t\t\t<div class=\"elementor-element elementor-element-27e25e0 e-flex e-con-boxed e-con e-parent\" data-id=\"27e25e0\" data-element_type=\"container\" data-e-type=\"container\" data-settings=\"{&quot;_ha_eqh_enable&quot;:false}\">\n\t\t\t\t\t<div class=\"e-con-inner\">\n\t\t<div class=\"elementor-element elementor-element-c4dc5da e-con-full e-flex e-con e-child\" data-id=\"c4dc5da\" data-element_type=\"container\" data-e-type=\"container\" data-settings=\"{&quot;_ha_eqh_enable&quot;:false}\">\n\t\t\t\t<div class=\"elementor-element elementor-element-9a30aad elementor-widget elementor-widget-heading\" data-id=\"9a30aad\" data-element_type=\"widget\" data-e-type=\"widget\" data-widget_type=\"heading.default\">\n\t\t\t\t<div class=\"elementor-widget-container\">\n\t\t\t\t\t<h2 class=\"elementor-heading-title elementor-size-default\">Sustentabilidade<\/h2>\t\t\t\t<\/div>\n\t\t\t\t<\/div>\n\t\t\t\t<\/div>\n\t\t\t\t\t<\/div>\n\t\t\t\t<\/div>\n\t\t<div class=\"elementor-element elementor-element-c4ced0a e-flex e-con-boxed e-con e-parent\" data-id=\"c4ced0a\" data-element_type=\"container\" data-e-type=\"container\" data-settings=\"{&quot;_ha_eqh_enable&quot;:false}\">\n\t\t\t\t\t<div class=\"e-con-inner\">\n\t\t<div class=\"elementor-element elementor-element-9548b7c e-con-full e-flex e-con e-child\" data-id=\"9548b7c\" data-element_type=\"container\" data-e-type=\"container\" data-settings=\"{&quot;_ha_eqh_enable&quot;:false}\">\n\t\t\t\t<div class=\"elementor-element elementor-element-3bdc36d elementor-widget elementor-widget-text-editor\" data-id=\"3bdc36d\" data-element_type=\"widget\" data-e-type=\"widget\" data-widget_type=\"text-editor.default\">\n\t\t\t\t<div class=\"elementor-widget-container\">\n\t\t\t\t\t\t\t\t\t<p><span style=\"font-size: 14px; font-family: Alexandria;\">Engajado com a preserva\u00e7\u00e3o do meio ambiente e qualidade de vida de seus moradores, o condom\u00ednio Green Park Sorocaba possui diversos itens de sustentabilidade nas \u00e1reas comuns e nas unidades habitacionais. Adquirir seu im\u00f3vel no Condom\u00ednio Green Park Sorocaba trar\u00e1 diversas vantagens para voc\u00ea e sua fam\u00edlia:<\/span><\/p><p><span style=\"font-size: 14px; font-family: Alexandria;\"><strong>\u2022 Redu\u00e7\u00e3o de impactos ambientais<\/strong><\/span><br \/><span style=\"font-size: 14px; font-family: Alexandria;\">O Green Park oferece sistemas e produtos que n\u00e3o prejudiquem os recursos naturais, como a execu\u00e7\u00e3o das ruas internas do condom\u00ednio em pe\u00e7as de concreto intertravado, gerando um impacto positivo no meio ambiente, \u00e9 perme\u00e1vel e \u00e9 o material com a menor energia embutida. Isto significa que ao longo de sua vida \u00fatil, ir\u00e1 gerar menor consumo energ\u00e9tico se comparado aos demais tipos de revestimento. Isto \u00e9 extremamente relevante, visto que a gera\u00e7\u00e3o de energia \u00e9 uma das maiores respons\u00e1veis pela emiss\u00e3o de gases do efeito estufa.<\/span><\/p><p><span style=\"font-size: 14px; font-family: Alexandria;\"><strong>\u2022 Redu\u00e7\u00e3o de custos<\/strong><\/span><br \/><span style=\"font-size: 14px; font-family: Alexandria;\">A gest\u00e3o inteligente de um condom\u00ednio sustent\u00e1vel pode reduzir custos, como a instala\u00e7\u00e3o de torneiras com temporizadores, implementa\u00e7\u00e3o de aquecimento da piscina com placas de energia solar, capta\u00e7\u00e3o de \u00e1gua de chuva, ilumina\u00e7\u00e3o em l\u00e2mpadas de Led que gastam at\u00e9 50% menos. Tudo isto nas \u00e1reas comuns do Green Park, al\u00e9m de bacias com dois fluxos em todas as unidades habitacionais.<\/span><\/p><p><span style=\"font-size: 14px; font-family: Alexandria;\"><strong>\u2022 Valoriza\u00e7\u00e3o do im\u00f3vel<\/strong><\/span><br \/><span style=\"font-size: 14px; font-family: Alexandria;\">Carregador de carros el\u00e9tricos, biciclet\u00e1rio, mini mercado, lixeiras seletivas e todos os itens de sustentabilidade do Green Park aumenta em at\u00e9 20% a valoriza\u00e7\u00e3o do seu im\u00f3vel.<\/span><br \/><span style=\"font-size: 14px; font-family: Alexandria;\">Um condom\u00ednio sustent\u00e1vel \u00e9 mais valorizado no mercado imobili\u00e1rio, o que facilita a venda ou loca\u00e7\u00e3o.<\/span><\/p><p><span style=\"font-size: 14px; font-family: Alexandria;\"><strong>\u2022 Qualidade de vida &#8211; Biofilia<\/strong><\/span><\/p><p><span style=\"font-size: 14px; font-family: Alexandria;\">Biofilia \u00e9 a conex\u00e3o que as pessoas t\u00eam com a natureza, e tem ganhado destaque em muitos mercados, inclusive na \u00e1rea de arquitetura. Isso porque, al\u00e9m de colaborar com a sustentabilidade ambiental, j\u00e1 que aumenta a quantidade de \u00e1reas verdes no espa\u00e7o, o design biof\u00edlico traz in\u00fameros benef\u00edcios aos moradores. Por exemplo: sensa\u00e7\u00e3o de relaxamento, bem-estar, criatividade e at\u00e9 produtividade.<\/span><br \/><span style=\"font-size: 14px; font-family: Alexandria;\">No Green Park voc\u00ea pode usufruir desta tranquilidade com seus mais de 12.000m2 de \u00e1rea verde preservada do Green Park.<\/span><\/p><p><span style=\"font-size: 14px; font-family: Alexandria;\"><strong>\u2022 Educa\u00e7\u00e3o ambiental<\/strong><\/span><br \/><span style=\"font-size: 14px; font-family: Alexandria;\">Morar no condom\u00ednio Green Park \u00e9 uma forma de educar seus filhos e netos afastados de qualquer polui\u00e7\u00e3o.<\/span><br \/><span style=\"font-size: 14px; font-family: Alexandria;\">Ensinar as crian\u00e7as a zelarem pelo ambiente verde ao redor do condom\u00ednio, pensando tamb\u00e9m nas pr\u00f3ximas gera\u00e7\u00f5es \u00e9 uma experi\u00eancia incr\u00edvel que poucas pessoas t\u00eam o privil\u00e9gio.<\/span><\/p>\t\t\t\t\t\t\t\t<\/div>\n\t\t\t\t<\/div>\n\t\t\t\t<\/div>\n\t\t\t\t\t<\/div>\n\t\t\t\t<\/div>\n\t\t<div class=\"elementor-element elementor-element-d429233 e-flex e-con-boxed e-con e-parent\" data-id=\"d429233\" data-element_type=\"container\" data-e-type=\"container\" data-settings=\"{&quot;_ha_eqh_enable&quot;:false}\">\n\t\t\t\t\t<div class=\"e-con-inner\">\n\t\t\t\t<div class=\"elementor-element elementor-element-ddab548 elementor-widget elementor-widget-gallery\" data-id=\"ddab548\" data-element_type=\"widget\" data-e-type=\"widget\" data-settings=\"{&quot;columns&quot;:2,&quot;gap&quot;:{&quot;unit&quot;:&quot;px&quot;,&quot;size&quot;:25,&quot;sizes&quot;:[]},&quot;lazyload&quot;:&quot;yes&quot;,&quot;gallery_layout&quot;:&quot;grid&quot;,&quot;columns_tablet&quot;:2,&quot;columns_mobile&quot;:1,&quot;gap_tablet&quot;:{&quot;unit&quot;:&quot;px&quot;,&quot;size&quot;:10,&quot;sizes&quot;:[]},&quot;gap_mobile&quot;:{&quot;unit&quot;:&quot;px&quot;,&quot;size&quot;:10,&quot;sizes&quot;:[]},&quot;link_to&quot;:&quot;file&quot;,&quot;aspect_ratio&quot;:&quot;3:2&quot;,&quot;overlay_background&quot;:&quot;yes&quot;,&quot;content_hover_animation&quot;:&quot;fade-in&quot;}\" data-widget_type=\"gallery.default\">\n\t\t\t\t<div class=\"elementor-widget-container\">\n\t\t\t\t\t\t\t<div class=\"elementor-gallery__container\">\n\t\t\t\t\t\t\t<a class=\"e-gallery-item elementor-gallery-item elementor-animated-content\" href=\"https:\/\/greenparksorocaba.com.br\/wp-content\/uploads\/2024\/10\/BIC.01.png\" data-elementor-open-lightbox=\"yes\" data-elementor-lightbox-slideshow=\"ddab548\" data-elementor-lightbox-title=\"Biciclet\u00e1rio\" data-elementor-lightbox-description=\"Espa\u00e7o para bicicletas\" data-e-action-hash=\"#elementor-action%3Aaction%3Dlightbox%26settings%3DeyJpZCI6MTY0OCwidXJsIjoiaHR0cHM6XC9cL2dyZWVucGFya3Nvcm9jYWJhLmNvbS5iclwvd3AtY29udGVudFwvdXBsb2Fkc1wvMjAyNFwvMTBcL0JJQy4wMS5wbmciLCJzbGlkZXNob3ciOiJkZGFiNTQ4In0%3D\">\n\t\t\t\t\t<div class=\"e-gallery-image elementor-gallery-item__image\" data-thumbnail=\"https:\/\/greenparksorocaba.com.br\/wp-content\/uploads\/2024\/10\/BIC.01-768x432.png\" data-width=\"760\" data-height=\"428\" aria-label=\"Biciclet\u00e1rio\" role=\"img\" ><\/div>\n\t\t\t\t\t\t\t\t\t\t\t<div class=\"elementor-gallery-item__overlay\"><\/div>\n\t\t\t\t\t\t\t\t\t\t\t\t\t\t<\/a>\n\t\t\t\t\t\t\t<a class=\"e-gallery-item elementor-gallery-item elementor-animated-content\" href=\"https:\/\/greenparksorocaba.com.br\/wp-content\/uploads\/2024\/03\/CARREGADORCARROELETRICO-2.png\" data-elementor-open-lightbox=\"yes\" data-elementor-lightbox-slideshow=\"ddab548\" data-elementor-lightbox-title=\"Carregador para carro el\u00e9trico\" data-elementor-lightbox-description=\"Espa\u00e7o com tomada para carregar ve\u00edculo el\u00e9trico\" data-e-action-hash=\"#elementor-action%3Aaction%3Dlightbox%26settings%3DeyJpZCI6MTE5MywidXJsIjoiaHR0cHM6XC9cL2dyZWVucGFya3Nvcm9jYWJhLmNvbS5iclwvd3AtY29udGVudFwvdXBsb2Fkc1wvMjAyNFwvMDNcL0NBUlJFR0FET1JDQVJST0VMRVRSSUNPLTIucG5nIiwic2xpZGVzaG93IjoiZGRhYjU0OCJ9\">\n\t\t\t\t\t<div class=\"e-gallery-image elementor-gallery-item__image\" data-thumbnail=\"https:\/\/greenparksorocaba.com.br\/wp-content\/uploads\/2024\/03\/CARREGADORCARROELETRICO-2-768x432.png\" data-width=\"760\" data-height=\"428\" aria-label=\"Carregador para carro el\u00e9trico\" role=\"img\" ><\/div>\n\t\t\t\t\t\t\t\t\t\t\t<div class=\"elementor-gallery-item__overlay\"><\/div>\n\t\t\t\t\t\t\t\t\t\t\t\t\t\t<\/a>\n\t\t\t\t\t<\/div>\n\t\t\t\t\t<\/div>\n\t\t\t\t<\/div>\n\t\t\t\t\t<\/div>\n\t\t\t\t<\/div>\n\t\t\t\t<\/div>\n\t\t","protected":false},"excerpt":{"rendered":"<p>Sustentabilidade Engajado com a preserva\u00e7\u00e3o do meio ambiente e qualidade de vida de seus moradores, o condom\u00ednio Green Park Sorocaba possui diversos itens de sustentabilidade &hellip;<\/p>\n","protected":false},"author":1,"featured_media":0,"parent":17,"menu_order":0,"comment_status":"closed","ping_status":"closed","template":"elementor_header_footer","meta":{"_joinchat":[],"footnotes":""},"class_list":["post-1204","page","type-page","status-publish","hentry"],"_links":{"self":[{"href":"https:\/\/greenparksorocaba.com.br\/home\/wp-json\/wp\/v2\/pages\/1204","targetHints":{"allow":["GET"]}}],"collection":[{"href":"https:\/\/greenparksorocaba.com.br\/home\/wp-json\/wp\/v2\/pages"}],"about":[{"href":"https:\/\/greenparksorocaba.com.br\/home\/wp-json\/wp\/v2\/types\/page"}],"author":[{"embeddable":true,"href":"https:\/\/greenparksorocaba.com.br\/home\/wp-json\/wp\/v2\/users\/1"}],"replies":[{"embeddable":true,"href":"https:\/\/greenparksorocaba.com.br\/home\/wp-json\/wp\/v2\/comments?post=1204"}],"version-history":[{"count":58,"href":"https:\/\/greenparksorocaba.com.br\/home\/wp-json\/wp\/v2\/pages\/1204\/revisions"}],"predecessor-version":[{"id":2121,"href":"https:\/\/greenparksorocaba.com.br\/home\/wp-json\/wp\/v2\/pages\/1204\/revisions\/2121"}],"up":[{"embeddable":true,"href":"https:\/\/greenparksorocaba.com.br\/home\/wp-json\/wp\/v2\/pages\/17"}],"wp:attachment":[{"href":"https:\/\/greenparksorocaba.com.br\/home\/wp-json\/wp\/v2\/media?parent=1204"}],"curies":[{"name":"wp","href":"https:\/\/api.w.org\/{rel}","templated":true}]}}