{"id":1228,"date":"2024-03-19T14:33:06","date_gmt":"2024-03-19T17:33:06","guid":{"rendered":"https:\/\/greenparksorocaba.com.br\/home\/?page_id=1228"},"modified":"2024-11-26T22:13:08","modified_gmt":"2024-11-27T01:13:08","slug":"seguranca","status":"publish","type":"page","link":"https:\/\/greenparksorocaba.com.br\/home\/home\/seguranca","title":{"rendered":"Seguran\u00e7a"},"content":{"rendered":"\t\t<div data-elementor-type=\"wp-page\" data-elementor-id=\"1228\" class=\"elementor elementor-1228\" data-elementor-settings=\"{&quot;ha_cmc_init_switcher&quot;:&quot;no&quot;}\" data-elementor-post-type=\"page\">\n\t\t\t\t<div class=\"elementor-element elementor-element-68e5580 e-flex e-con-boxed e-con e-parent\" data-id=\"68e5580\" data-element_type=\"container\" data-e-type=\"container\" data-settings=\"{&quot;_ha_eqh_enable&quot;:false}\">\n\t\t\t\t\t<div class=\"e-con-inner\">\n\t\t<div class=\"elementor-element elementor-element-7c63089 e-con-full e-flex e-con e-child\" data-id=\"7c63089\" data-element_type=\"container\" data-e-type=\"container\" data-settings=\"{&quot;_ha_eqh_enable&quot;:false}\">\n\t\t\t\t<div class=\"elementor-element elementor-element-b4f032a elementor-widget elementor-widget-heading\" data-id=\"b4f032a\" data-element_type=\"widget\" data-e-type=\"widget\" data-widget_type=\"heading.default\">\n\t\t\t\t<div class=\"elementor-widget-container\">\n\t\t\t\t\t<h2 class=\"elementor-heading-title elementor-size-default\">Seguran\u00e7a<\/h2>\t\t\t\t<\/div>\n\t\t\t\t<\/div>\n\t\t\t\t<\/div>\n\t\t\t\t\t<\/div>\n\t\t\t\t<\/div>\n\t\t<div class=\"elementor-element elementor-element-e745f02 e-con-full e-flex e-con e-parent\" data-id=\"e745f02\" data-element_type=\"container\" data-e-type=\"container\" data-settings=\"{&quot;_ha_eqh_enable&quot;:false}\">\n\t\t<div class=\"elementor-element elementor-element-355e05a e-con-full e-flex e-con e-child\" data-id=\"355e05a\" data-element_type=\"container\" data-e-type=\"container\" data-settings=\"{&quot;_ha_eqh_enable&quot;:false}\">\n\t\t\t\t<div class=\"elementor-element elementor-element-f72c3e4 elementor-widget__width-initial elementor-widget elementor-widget-text-editor\" data-id=\"f72c3e4\" data-element_type=\"widget\" data-e-type=\"widget\" data-widget_type=\"text-editor.default\">\n\t\t\t\t<div class=\"elementor-widget-container\">\n\t\t\t\t\t\t\t\t\t<p><span style=\"font-family: Alexandria; font-size: 14px;\">O Green Park Sorocaba \u00e9 um condom\u00ednio fechado dentro de um bairro com controle de acesso, trazendo o que melhor existe em seguran\u00e7a para seu patrim\u00f4nio e para sua fam\u00edlia.<\/span><\/p><p><span style=\"font-family: Alexandria; font-size: 14px;\">Liberdade, seguran\u00e7a, paz e privacidade, definitivamente n\u00e3o tem pre\u00e7o.<\/span><\/p><p><span style=\"font-family: Alexandria; font-size: 14px;\">Seja para dormir com a janela aberta em dias de calor ou para deixar as crian\u00e7as brincarem livremente no playground, o condom\u00ednio Green Park Sorocaba \u00e9 uma \u00f3tima op\u00e7\u00e3o para garantir maior tranquilidade em sua moradia.<\/span><\/p><p><span style=\"font-family: Alexandria; font-size: 14px;\">Mini mercado inteligente \u201cHonest Market\u201d, portaria com WC, sala de administra\u00e7\u00e3o e Cameras nas ruas internas do condom\u00ednio. Estes s\u00e3o alguns itens que o Green Park oferece para voc\u00ea e sua fam\u00edlia.<\/span><\/p>\t\t\t\t\t\t\t\t<\/div>\n\t\t\t\t<\/div>\n\t\t\t\t<\/div>\n\t\t\t\t<\/div>\n\t\t<div class=\"elementor-element elementor-element-09d8e0a e-con-full e-flex e-con e-parent\" data-id=\"09d8e0a\" data-element_type=\"container\" data-e-type=\"container\" data-settings=\"{&quot;_ha_eqh_enable&quot;:false}\">\n\t\t\t\t<div class=\"elementor-element elementor-element-535cfe2 elementor-widget elementor-widget-gallery\" data-id=\"535cfe2\" data-element_type=\"widget\" data-e-type=\"widget\" data-settings=\"{&quot;columns&quot;:2,&quot;overlay_title&quot;:&quot;title&quot;,&quot;overlay_description&quot;:&quot;caption&quot;,&quot;lazyload&quot;:&quot;yes&quot;,&quot;gallery_layout&quot;:&quot;grid&quot;,&quot;columns_tablet&quot;:2,&quot;columns_mobile&quot;:1,&quot;gap&quot;:{&quot;unit&quot;:&quot;px&quot;,&quot;size&quot;:10,&quot;sizes&quot;:[]},&quot;gap_tablet&quot;:{&quot;unit&quot;:&quot;px&quot;,&quot;size&quot;:10,&quot;sizes&quot;:[]},&quot;gap_mobile&quot;:{&quot;unit&quot;:&quot;px&quot;,&quot;size&quot;:10,&quot;sizes&quot;:[]},&quot;link_to&quot;:&quot;file&quot;,&quot;aspect_ratio&quot;:&quot;3:2&quot;,&quot;overlay_background&quot;:&quot;yes&quot;,&quot;content_hover_animation&quot;:&quot;fade-in&quot;}\" data-widget_type=\"gallery.default\">\n\t\t\t\t<div class=\"elementor-widget-container\">\n\t\t\t\t\t\t\t<div class=\"elementor-gallery__container\">\n\t\t\t\t\t\t\t<a class=\"e-gallery-item elementor-gallery-item elementor-animated-content\" href=\"https:\/\/greenparksorocaba.com.br\/wp-content\/uploads\/2024\/03\/portariaclaro.png\" data-elementor-open-lightbox=\"yes\" data-elementor-lightbox-slideshow=\"535cfe2\" data-elementor-lightbox-title=\"Portaria\" data-e-action-hash=\"#elementor-action%3Aaction%3Dlightbox%26settings%3DeyJpZCI6MTE5NSwidXJsIjoiaHR0cHM6XC9cL2dyZWVucGFya3Nvcm9jYWJhLmNvbS5iclwvd3AtY29udGVudFwvdXBsb2Fkc1wvMjAyNFwvMDNcL3BvcnRhcmlhY2xhcm8ucG5nIiwic2xpZGVzaG93IjoiNTM1Y2ZlMiJ9\">\n\t\t\t\t\t<div class=\"e-gallery-image elementor-gallery-item__image\" data-thumbnail=\"https:\/\/greenparksorocaba.com.br\/wp-content\/uploads\/2024\/03\/portariaclaro-768x432.png\" data-width=\"760\" data-height=\"428\" aria-label=\"Portaria\" role=\"img\" ><\/div>\n\t\t\t\t\t\t\t\t\t\t\t<div class=\"elementor-gallery-item__overlay\"><\/div>\n\t\t\t\t\t\t\t\t\t\t\t\t\t\t\t<div class=\"elementor-gallery-item__content\">\n\t\t\t\t\t\t\t\t\t\t\t\t\t\t<div class=\"elementor-gallery-item__title\">\n\t\t\t\t\t\t\t\t\t\t\t\t\t\t\t\t\t\tPortaria\t\t\t\t\t\t\t\t<\/div>\n\t\t\t\t\t\t\t\t\t\t\t\t\t\t\t<div class=\"elementor-gallery-item__description\">\n\t\t\t\t\t\t\t\t\t\t\t\t\t\t\t\t\t\tPortaria com entrada monitorada\t\t\t\t\t\t\t\t<\/div>\n\t\t\t\t\t\t\t\t\t\t\t\t<\/div>\n\t\t\t\t\t\t\t\t\t<\/a>\n\t\t\t\t\t\t\t<a class=\"e-gallery-item elementor-gallery-item elementor-animated-content\" href=\"https:\/\/greenparksorocaba.com.br\/wp-content\/uploads\/2024\/03\/minimercado02.png\" data-elementor-open-lightbox=\"yes\" data-elementor-lightbox-slideshow=\"535cfe2\" data-elementor-lightbox-title=\"Mini Mercado\" data-e-action-hash=\"#elementor-action%3Aaction%3Dlightbox%26settings%3DeyJpZCI6MTIzMCwidXJsIjoiaHR0cHM6XC9cL2dyZWVucGFya3Nvcm9jYWJhLmNvbS5iclwvd3AtY29udGVudFwvdXBsb2Fkc1wvMjAyNFwvMDNcL21pbmltZXJjYWRvMDIucG5nIiwic2xpZGVzaG93IjoiNTM1Y2ZlMiJ9\">\n\t\t\t\t\t<div class=\"e-gallery-image elementor-gallery-item__image\" data-thumbnail=\"https:\/\/greenparksorocaba.com.br\/wp-content\/uploads\/2024\/03\/minimercado02-768x432.png\" data-width=\"760\" data-height=\"428\" aria-label=\"Seguran\u00e7a\" role=\"img\" ><\/div>\n\t\t\t\t\t\t\t\t\t\t\t<div class=\"elementor-gallery-item__overlay\"><\/div>\n\t\t\t\t\t\t\t\t\t\t\t\t\t\t\t<div class=\"elementor-gallery-item__content\">\n\t\t\t\t\t\t\t\t\t\t\t\t\t\t<div class=\"elementor-gallery-item__title\">\n\t\t\t\t\t\t\t\t\t\t\t\t\t\t\t\t\t\tMini Mercado\t\t\t\t\t\t\t\t<\/div>\n\t\t\t\t\t\t\t\t\t\t\t\t\t\t\t<div class=\"elementor-gallery-item__description\">\n\t\t\t\t\t\t\t\t\t\t\t\t\t\t\t\t\t\tMini Mercado Inteligente \"Honest Market\"\t\t\t\t\t\t\t\t<\/div>\n\t\t\t\t\t\t\t\t\t\t\t\t<\/div>\n\t\t\t\t\t\t\t\t\t<\/a>\n\t\t\t\t\t\t\t<a class=\"e-gallery-item elementor-gallery-item elementor-animated-content\" href=\"https:\/\/greenparksorocaba.com.br\/wp-content\/uploads\/2024\/11\/entradabairro.jpeg\" data-elementor-open-lightbox=\"yes\" data-elementor-lightbox-slideshow=\"535cfe2\" data-elementor-lightbox-title=\"Entrada do Bairro\" data-e-action-hash=\"#elementor-action%3Aaction%3Dlightbox%26settings%3DeyJpZCI6MjAyNiwidXJsIjoiaHR0cHM6XC9cL2dyZWVucGFya3Nvcm9jYWJhLmNvbS5iclwvd3AtY29udGVudFwvdXBsb2Fkc1wvMjAyNFwvMTFcL2VudHJhZGFiYWlycm8uanBlZyIsInNsaWRlc2hvdyI6IjUzNWNmZTIifQ%3D%3D\">\n\t\t\t\t\t<div class=\"e-gallery-image elementor-gallery-item__image\" data-thumbnail=\"https:\/\/greenparksorocaba.com.br\/wp-content\/uploads\/2024\/11\/entradabairro.jpeg\" data-width=\"545\" data-height=\"492\" aria-label=\"Entrada do Bairro\" role=\"img\" ><\/div>\n\t\t\t\t\t\t\t\t\t\t\t<div class=\"elementor-gallery-item__overlay\"><\/div>\n\t\t\t\t\t\t\t\t\t\t\t\t\t\t\t<div class=\"elementor-gallery-item__content\">\n\t\t\t\t\t\t\t\t\t\t\t\t\t\t<div class=\"elementor-gallery-item__title\">\n\t\t\t\t\t\t\t\t\t\t\t\t\t\t\t\t\t\tEntrada do Bairro\t\t\t\t\t\t\t\t<\/div>\n\t\t\t\t\t\t\t\t\t\t\t\t\t\t\t<div class=\"elementor-gallery-item__description\">\n\t\t\t\t\t\t\t\t\t\t\t\t\t\t\t\t\t\tEntrada do Bairro monitorada\t\t\t\t\t\t\t\t<\/div>\n\t\t\t\t\t\t\t\t\t\t\t\t<\/div>\n\t\t\t\t\t\t\t\t\t<\/a>\n\t\t\t\t\t<\/div>\n\t\t\t\t\t<\/div>\n\t\t\t\t<\/div>\n\t\t\t\t<\/div>\n\t\t\t\t<\/div>\n\t\t","protected":false},"excerpt":{"rendered":"<p>Seguran\u00e7a O Green Park Sorocaba \u00e9 um condom\u00ednio fechado dentro de um bairro com controle de acesso, trazendo o que melhor existe em seguran\u00e7a para &hellip;<\/p>\n","protected":false},"author":1,"featured_media":0,"parent":17,"menu_order":0,"comment_status":"closed","ping_status":"closed","template":"elementor_header_footer","meta":{"_joinchat":[],"footnotes":""},"class_list":["post-1228","page","type-page","status-publish","hentry"],"_links":{"self":[{"href":"https:\/\/greenparksorocaba.com.br\/home\/wp-json\/wp\/v2\/pages\/1228","targetHints":{"allow":["GET"]}}],"collection":[{"href":"https:\/\/greenparksorocaba.com.br\/home\/wp-json\/wp\/v2\/pages"}],"about":[{"href":"https:\/\/greenparksorocaba.com.br\/home\/wp-json\/wp\/v2\/types\/page"}],"author":[{"embeddable":true,"href":"https:\/\/greenparksorocaba.com.br\/home\/wp-json\/wp\/v2\/users\/1"}],"replies":[{"embeddable":true,"href":"https:\/\/greenparksorocaba.com.br\/home\/wp-json\/wp\/v2\/comments?post=1228"}],"version-history":[{"count":45,"href":"https:\/\/greenparksorocaba.com.br\/home\/wp-json\/wp\/v2\/pages\/1228\/revisions"}],"predecessor-version":[{"id":2118,"href":"https:\/\/greenparksorocaba.com.br\/home\/wp-json\/wp\/v2\/pages\/1228\/revisions\/2118"}],"up":[{"embeddable":true,"href":"https:\/\/greenparksorocaba.com.br\/home\/wp-json\/wp\/v2\/pages\/17"}],"wp:attachment":[{"href":"https:\/\/greenparksorocaba.com.br\/home\/wp-json\/wp\/v2\/media?parent=1228"}],"curies":[{"name":"wp","href":"https:\/\/api.w.org\/{rel}","templated":true}]}}